{"id":152,"date":"2026-04-02T20:10:02","date_gmt":"2026-04-02T17:10:02","guid":{"rendered":"http:\/\/bodegaliterara.wordpress.com\/?page_id=1"},"modified":"2026-04-02T20:10:02","modified_gmt":"2026-04-02T17:10:02","slug":"about","status":"publish","type":"page","link":"https:\/\/bodegaliterara.ro\/?page_id=152","title":{"rendered":"About"},"content":{"rendered":"\n<p>Bun\u0103, dragi cititori! M\u0103 numesc Mihaela Gheorghe \u0219i fac parte din breasla iubitorilor de pove\u0219ti. Sunt doar o p\u0103rerist\u0103 care se \u00eent\u00e2mpl\u0103 s\u0103 fi absolvit Literele \u00een Limbi \u0219i Literaturi Str\u0103ine la Universitatea din Craiova.<\/p>\n\n\n\n<p><\/p>\n\n\n\n<p>Bodega Literar\u0103 este un site destinat recenziilor de carte. Aici \u00eemi scriu g\u00e2ndurile despre romanele citite.<\/p>\n\n\n\n<p><\/p>\n\n\n\n<p>Recenziile sunt subiective, pres\u0103rate cu observa\u021bii academice, defect profesional deprins din facultate, c\u0103, deh, a\u0219a-s filologii, domne, nu pot s\u0103 citeasc\u0103 f\u0103r\u0103 s\u0103 critice! A\u0219a c\u0103 v\u0103 invit la o b\u00e2rfuli\u021b\u0103 scriitoriceasc\u0103, promit c\u0103 o s\u0103 merite!<\/p>\n\n\n\n<p><\/p>\n\n\n\n<p>De asemenea, aici postez desenele mele digitale. Vrei s\u0103-\u021bi cl\u0103te\u0219ti ochii cu ni\u021bic\u0103 culoare? Bodega Literar\u0103 te invit\u0103 la Vernisajul Digital, galeria ta de art\u0103 la un click-ule\u021b distan\u021b\u0103. <\/p>\n\n\n\n<p>Fie c\u0103 e vorba de o g\u0103in\u0103 cu basma, o balerin\u0103 maiestuoas\u0103 sau chiar o reinterpretare a Fetei cu Cercel de Perl\u0103 (v\u0103 rog, nu-i spune\u021bi lui Vermeer), desenele \u00ee\u021bi vor smulge un z\u00e2mbet sau chiar o ochead\u0103 mai \u00eendelungat\u0103. Moderne, minimaliste \u0219i chic, desenele te vor bine-dispune cu siguran\u021b\u0103!<\/p>\n\n\n\n<p><\/p>\n\n\n\n<p>V\u0103 doresc lectur\u0103 pl\u0103cut\u0103 \u0219i inspira\u021bie din bel\u0219ug!<\/p>\n\n\n\n<figure class=\"wp-block-image size-large\"><img decoding=\"async\" src=\"https:\/\/bodegaliterara.ro\/wp-content\/uploads\/2026\/04\/bodegaliterara_mihaela_gheorghe_wodpress717927872731417048.jpg?w=768\" alt=\"\" class=\"wp-image-10\" \/><\/figure>\n","protected":false},"excerpt":{"rendered":"<p>Bun\u0103, dragi cititori! M\u0103 numesc Mihaela Gheorghe \u0219i fac parte din breasla iubitorilor de pove\u0219ti. Sunt doar o p\u0103rerist\u0103 care se \u00eent\u00e2mpl\u0103 s\u0103 fi absolvit Literele \u00een Limbi \u0219i Literaturi Str\u0103ine la Universitatea din Craiova. Bodega Literar\u0103 este un site destinat recenziilor de carte. Aici \u00eemi scriu g\u00e2ndurile despre romanele citite. Recenziile sunt subiective, pres\u0103rate [&hellip;]<\/p>\n","protected":false},"author":1,"featured_media":0,"parent":0,"menu_order":0,"comment_status":"closed","ping_status":"open","template":"","meta":{"footnotes":""},"class_list":["post-152","page","type-page","status-publish","hentry"],"_links":{"self":[{"href":"https:\/\/bodegaliterara.ro\/index.php?rest_route=\/wp\/v2\/pages\/152","targetHints":{"allow":["GET"]}}],"collection":[{"href":"https:\/\/bodegaliterara.ro\/index.php?rest_route=\/wp\/v2\/pages"}],"about":[{"href":"https:\/\/bodegaliterara.ro\/index.php?rest_route=\/wp\/v2\/types\/page"}],"author":[{"embeddable":true,"href":"https:\/\/bodegaliterara.ro\/index.php?rest_route=\/wp\/v2\/users\/1"}],"replies":[{"embeddable":true,"href":"https:\/\/bodegaliterara.ro\/index.php?rest_route=%2Fwp%2Fv2%2Fcomments&post=152"}],"version-history":[{"count":0,"href":"https:\/\/bodegaliterara.ro\/index.php?rest_route=\/wp\/v2\/pages\/152\/revisions"}],"wp:attachment":[{"href":"https:\/\/bodegaliterara.ro\/index.php?rest_route=%2Fwp%2Fv2%2Fmedia&parent=152"}],"curies":[{"name":"wp","href":"https:\/\/api.w.org\/{rel}","templated":true}]}}